{"id":61,"date":"2016-07-25T16:17:08","date_gmt":"2016-07-25T14:17:08","guid":{"rendered":"http:\/\/hergardensmit.com.greenhostpreview.nl\/wpsite1\/?page_id=61"},"modified":"2016-07-27T17:33:54","modified_gmt":"2016-07-27T15:33:54","slug":"project-ervaringen","status":"publish","type":"page","link":"https:\/\/hergardensmit.com\/index.php\/project-ervaringen\/","title":{"rendered":"Project ervaringen"},"content":{"rendered":"<h6><span style=\"font-size: 20px; font-family: arial,helvetica,sans-serif;\">Order Management<\/span><br \/>\n<span style=\"font-size: 16px; font-family: arial,helvetica,sans-serif;\"> Definitie van processen in een Europees Logistiek Model.<\/span><br \/>\n<span style=\"font-size: 16px; font-family: arial,helvetica,sans-serif;\"> Ontwikkeling van noodzakelijke systeem aanpassingen.<\/span><br \/>\n<span style=\"font-size: 16px; font-family: arial,helvetica,sans-serif;\"> Implementatie in 2 fabrieken, \u00e9\u00e9n verkoopkantoor en \u00e9\u00e9n distributiecenter.<\/span><\/h6>\n<h6><span style=\"font-size: 20px; font-family: arial,helvetica,sans-serif;\"> Europees Transport Netwerk<\/span><br \/>\n<span style=\"font-size: 16px; font-family: arial,helvetica,sans-serif;\"> Analyse bestaand netwerk; lijnen, volumes, services, transporteurs, tarieven en kosten.<\/span><br \/>\n<span style=\"font-size: 16px; font-family: arial,helvetica,sans-serif;\"> Definitie CrossDock netwerk met \u00e9\u00e9n provider, vaste transport schedules, meting leverbetrouwbaarheid en rapportering.<\/span><br \/>\n<span style=\"font-size: 16px; font-family: arial,helvetica,sans-serif;\"> Implementatie van het netwerk resulterend in een met aanzienlijke besparing op transportkosten.<\/span><\/h6>\n<h6><span style=\"font-size: 20px; font-family: arial,helvetica,sans-serif;\"> SIOP (Sales, Inventory,Operations Planning)<\/span><br \/>\n<span style=\"font-size: 16px; font-family: arial,helvetica,sans-serif;\"> Introductie en implementatie van de SIOP approach:<\/span><br \/>\n<span style=\"font-size: 16px; font-family: arial,helvetica,sans-serif;\"> Maandelijks proces waarin verkoop, forecast, productie, en voorraden met elkaar in balans worden gebracht.<\/span><br \/>\n<span style=\"font-size: 16px; font-family: arial,helvetica,sans-serif;\"> Betrokkenheid leiding, 4 fabrieken en 13 verkoopkantoren.<\/span><\/h6>\n<h6><span style=\"font-size: 20px; font-family: arial,helvetica,sans-serif;\"> European Regional Distribution<\/span><br \/>\n<span style=\"font-size: 16px; font-family: arial,helvetica,sans-serif;\"> Introductie, definitie en implementatie van een Europees Regionaal Distributie netwerk, bestaande uit 4 regionale distributie centra en een op maat samengesteld transportnetwerk.<\/span><br \/>\n<span style=\"font-size: 16px; font-family: arial,helvetica,sans-serif;\"> Het geheel volledig geintegereerd in een gemeenschappelijk ERP systeem met EDI informatie stromen en barcode registratie van de producten.<br \/>\nOrder vandaag, levering morgen.<\/span><br \/>\n<span style=\"font-size: 16px; font-family: arial,helvetica,sans-serif;\"> Paperless pick, class A packaging, track &amp; trace van order tot ontvangst. KPI&#8217;s met bonus\/malus.<\/span><br \/>\n<span style=\"font-size: 16px; font-family: arial,helvetica,sans-serif;\"> Specificatie, selectie, contractering, constructie en implementatie van het eerste regional center compleet en operational. <\/span><br \/>\n<span style=\"font-family: arial,helvetica,sans-serif;\"> <span style=\"font-size: 16px;\"> Transportnetwerk operational met vaste transport schedules en rapportering van leverperformance.<\/span><span style=\"font-size: 16px;\"><br \/>\n<\/span><\/span><\/h6>\n<p>&nbsp;<\/p>\n<p style=\"text-align: center;\"><span style=\"font-family: arial,helvetica,sans-serif;\"><strong><span style=\"font-size: 20px;\"><span style=\"font-family: arial,helvetica,sans-serif;\">Stuur op basis van feiten, niet op aannames<\/span><br \/>\n<\/span><\/strong><\/span><\/p>\n","protected":false},"excerpt":{"rendered":"<p>Order Management Definitie van processen in een Europees Logistiek Model. Ontwikkeling van noodzakelijke systeem aanpassingen. Implementatie in 2 fabrieken, \u00e9\u00e9n verkoopkantoor en \u00e9\u00e9n distributiecenter. Europees Transport Netwerk Analyse bestaand netwerk; lijnen, volumes, services, transporteurs, tarieven en kosten. Definitie CrossDock netwerk met \u00e9\u00e9n provider, vaste transport schedules, meting leverbetrouwbaarheid en rapportering. Implementatie van het netwerk resulterend&hellip; <a class=\"more-link\" href=\"https:\/\/hergardensmit.com\/index.php\/project-ervaringen\/\">Lees verder <span class=\"screen-reader-text\">Project ervaringen<\/span><\/a><\/p>\n","protected":false},"author":1,"featured_media":0,"parent":0,"menu_order":0,"comment_status":"closed","ping_status":"closed","template":"","meta":{"footnotes":""},"class_list":["post-61","page","type-page","status-publish","hentry","entry"],"_links":{"self":[{"href":"https:\/\/hergardensmit.com\/index.php\/wp-json\/wp\/v2\/pages\/61","targetHints":{"allow":["GET"]}}],"collection":[{"href":"https:\/\/hergardensmit.com\/index.php\/wp-json\/wp\/v2\/pages"}],"about":[{"href":"https:\/\/hergardensmit.com\/index.php\/wp-json\/wp\/v2\/types\/page"}],"author":[{"embeddable":true,"href":"https:\/\/hergardensmit.com\/index.php\/wp-json\/wp\/v2\/users\/1"}],"replies":[{"embeddable":true,"href":"https:\/\/hergardensmit.com\/index.php\/wp-json\/wp\/v2\/comments?post=61"}],"version-history":[{"count":19,"href":"https:\/\/hergardensmit.com\/index.php\/wp-json\/wp\/v2\/pages\/61\/revisions"}],"predecessor-version":[{"id":127,"href":"https:\/\/hergardensmit.com\/index.php\/wp-json\/wp\/v2\/pages\/61\/revisions\/127"}],"wp:attachment":[{"href":"https:\/\/hergardensmit.com\/index.php\/wp-json\/wp\/v2\/media?parent=61"}],"curies":[{"name":"wp","href":"https:\/\/api.w.org\/{rel}","templated":true}]}}